{"id":14,"date":"2025-01-17T11:31:07","date_gmt":"2025-01-17T10:31:07","guid":{"rendered":"http:\/\/wshqlar.cluster100.hosting.ovh.net\/?page_id=14"},"modified":"2025-01-30T19:32:44","modified_gmt":"2025-01-30T18:32:44","slug":"a-propos-de","status":"publish","type":"page","link":"https:\/\/bzhimpact.fr\/index.php\/a-propos-de\/","title":{"rendered":"QUI SOMMES-NOUS ?"},"content":{"rendered":"\n<p class=\"has-text-align-center\"><strong>NOTRE HISTOIRE<\/strong><\/p>\n\n\n\n<p class=\"has-text-align-center\">L&rsquo;association \u00ab\u00a0BZH IMPACT\u00a0\u00bb est une association d\u00e9di\u00e9e <strong>aux enfants, adolescents et jeunes chr\u00e9tiens<\/strong>, ainsi qu&rsquo;\u00e0 leurs encadrants. Elle \u0153uvre \u00e0 travers divers types d&rsquo;\u00e9v\u00e9nements en Bretagne, tels que des journ\u00e9es de rassemblement ou des s\u00e9jours de 3 \u00e0 7 jours, offrant ainsi des moments de partage, de d\u00e9couverte et de croissance spirituelle.\u00a0\u00bb<\/p>\n\n\n\n<p class=\"has-text-align-center\"><strong>NOTRE VISION <\/strong><\/p>\n\n\n\n<p class=\"has-text-align-center\">\u00c0 travers nos \u00e9v\u00e9nements, nous souhaitons <strong>encourager<\/strong> les enfants, adolescents et jeunes \u00e0 vivre une foi authentique, \u00e0 d\u00e9velopper une confiance en eux ancr\u00e9e dans leur identit\u00e9 en Dieu, et \u00e0 s\u2019engager pleinement dans les projets que le Seigneur a pr\u00e9par\u00e9s pour leur vie.<\/p>\n\n\n\n<p class=\"has-text-align-center\">Nous r\u00eavons d&rsquo;une g\u00e9n\u00e9ration <strong>unie<\/strong>. Nos \u00e9v\u00e9nements sont con\u00e7us pour rassembler des enfants, adolescents et jeunes de toute la r\u00e9gion, favorisant des liens profonds fond\u00e9s sur l&rsquo;amour de Christ.<\/p>\n\n\n\n<p class=\"has-text-align-center\"><strong>Former<\/strong> et <strong>\u00e9quiper<\/strong> la jeune g\u00e9n\u00e9ration est au c\u0153ur de notre vision. \u00c0 travers nos \u00e9v\u00e9nements, nous cr\u00e9ons des opportunit\u00e9s pour chaque enfant, adolescent et jeune de d\u00e9couvrir, d\u00e9velopper et partager ses dons, afin qu\u2019il puisse s\u2019\u00e9panouir pleinement et contribuer \u00e0 l\u2019\u0153uvre de Dieu.\u00a0\u00bb<\/p>\n\n\n\n<p class=\"has-text-align-center\"><strong>NOTRE<\/strong> <strong>OBJECTIF<\/strong><\/p>\n\n\n\n<p class=\"has-text-align-center\">Accompagner et former une g\u00e9n\u00e9ration de jeunes chr\u00e9tiens bretons passionn\u00e9s et engag\u00e9s, pr\u00eats \u00e0 impacter leur \u00e9poque et \u00e0 rayonner par leur foi !<\/p>\n","protected":false},"excerpt":{"rendered":"<p>NOTRE HISTOIRE L&rsquo;association \u00ab\u00a0BZH IMPACT\u00a0\u00bb est une association d\u00e9di\u00e9e aux enfants, adolescents et jeunes chr\u00e9tiens, ainsi qu&rsquo;\u00e0 leurs encadrants. Elle \u0153uvre \u00e0 travers divers types d&rsquo;\u00e9v\u00e9nements en Bretagne, tels que des journ\u00e9es de rassemblement ou des s\u00e9jours de 3 \u00e0 7 jours, offrant ainsi des moments de partage, de d\u00e9couverte et de croissance spirituelle.\u00a0\u00bb NOTRE [&hellip;]<\/p>\n","protected":false},"author":1,"featured_media":0,"parent":0,"menu_order":0,"comment_status":"closed","ping_status":"closed","template":"","meta":{"footnotes":""},"class_list":["post-14","page","type-page","status-publish","hentry"],"_links":{"self":[{"href":"https:\/\/bzhimpact.fr\/index.php\/wp-json\/wp\/v2\/pages\/14","targetHints":{"allow":["GET"]}}],"collection":[{"href":"https:\/\/bzhimpact.fr\/index.php\/wp-json\/wp\/v2\/pages"}],"about":[{"href":"https:\/\/bzhimpact.fr\/index.php\/wp-json\/wp\/v2\/types\/page"}],"author":[{"embeddable":true,"href":"https:\/\/bzhimpact.fr\/index.php\/wp-json\/wp\/v2\/users\/1"}],"replies":[{"embeddable":true,"href":"https:\/\/bzhimpact.fr\/index.php\/wp-json\/wp\/v2\/comments?post=14"}],"version-history":[{"count":10,"href":"https:\/\/bzhimpact.fr\/index.php\/wp-json\/wp\/v2\/pages\/14\/revisions"}],"predecessor-version":[{"id":98,"href":"https:\/\/bzhimpact.fr\/index.php\/wp-json\/wp\/v2\/pages\/14\/revisions\/98"}],"wp:attachment":[{"href":"https:\/\/bzhimpact.fr\/index.php\/wp-json\/wp\/v2\/media?parent=14"}],"curies":[{"name":"wp","href":"https:\/\/api.w.org\/{rel}","templated":true}]}}