{"id":13,"date":"2025-01-17T11:31:07","date_gmt":"2025-01-17T10:31:07","guid":{"rendered":"http:\/\/wshqlar.cluster100.hosting.ovh.net\/?page_id=13"},"modified":"2026-03-06T14:39:57","modified_gmt":"2026-03-06T13:39:57","slug":"le-nouveau-e-mucem-ouvre-ses-portes-2","status":"publish","type":"page","link":"https:\/\/bzhimpact.fr\/","title":{"rendered":"LES \u00c9V\u00c9NEMENTS \u00c0 VENIR POUR 2026"},"content":{"rendered":"\n<div class=\"wp-block-columns alignwide is-layout-flex wp-container-core-columns-is-layout-9d6595d7 wp-block-columns-is-layout-flex\">\n<div class=\"wp-block-column is-layout-flow wp-block-column-is-layout-flow\">\n<figure class=\"wp-block-gallery has-nested-images columns-default is-cropped wp-block-gallery-1 is-layout-flex wp-block-gallery-is-layout-flex\">\n<figure class=\"wp-block-image size-large\"><img loading=\"lazy\" decoding=\"async\" width=\"1024\" height=\"576\" data-id=\"202\" src=\"https:\/\/bzhimpact.fr\/wp-content\/uploads\/2025\/11\/MINI-CAMP-1024x576.jpg\" alt=\"\" class=\"wp-image-202\" srcset=\"https:\/\/bzhimpact.fr\/wp-content\/uploads\/2025\/11\/MINI-CAMP-1024x576.jpg 1024w, https:\/\/bzhimpact.fr\/wp-content\/uploads\/2025\/11\/MINI-CAMP-300x169.jpg 300w, https:\/\/bzhimpact.fr\/wp-content\/uploads\/2025\/11\/MINI-CAMP-768x432.jpg 768w, https:\/\/bzhimpact.fr\/wp-content\/uploads\/2025\/11\/MINI-CAMP-1536x864.jpg 1536w, https:\/\/bzhimpact.fr\/wp-content\/uploads\/2025\/11\/MINI-CAMP-2048x1152.jpg 2048w, https:\/\/bzhimpact.fr\/wp-content\/uploads\/2025\/11\/MINI-CAMP-1200x675.jpg 1200w, https:\/\/bzhimpact.fr\/wp-content\/uploads\/2025\/11\/MINI-CAMP-1980x1114.jpg 1980w\" sizes=\"auto, (max-width: 1024px) 100vw, 1024px\" \/><\/figure>\n<\/figure>\n\n\n\n<p><strong>Mini Camp Enfants | 24\u201325\u201326 Mai<\/strong> <strong>2026<\/strong><br>Deux jours pour s\u2019amuser, grandir dans la foi et vivre des moments inoubliables ! \ud83d\udc49\u00a0<strong>Inscris-toi ici : <a href=\"https:\/\/www.helloasso.com\/associations\/bzh-impact\/evenements\/mini-camp-enfant-2026\" data-type=\"link\" data-id=\"https:\/\/www.helloasso.com\/associations\/bzh-impact\/evenements\/mini-camp-enfant-2026\">clique sur le lien !<\/a><\/strong><\/p>\n<\/div>\n\n\n\n<div class=\"wp-block-column is-layout-flow wp-block-column-is-layout-flow\">\n<figure class=\"wp-block-gallery has-nested-images columns-default is-cropped wp-block-gallery-2 is-layout-flex wp-block-gallery-is-layout-flex\">\n<figure class=\"wp-block-image size-large\"><img loading=\"lazy\" decoding=\"async\" width=\"1024\" height=\"576\" data-id=\"207\" src=\"https:\/\/bzhimpact.fr\/wp-content\/uploads\/2025\/12\/PHOTO-2025-11-18-07-56-28-1024x576.jpg\" alt=\"\" class=\"wp-image-207\" srcset=\"https:\/\/bzhimpact.fr\/wp-content\/uploads\/2025\/12\/PHOTO-2025-11-18-07-56-28-1024x576.jpg 1024w, https:\/\/bzhimpact.fr\/wp-content\/uploads\/2025\/12\/PHOTO-2025-11-18-07-56-28-300x169.jpg 300w, https:\/\/bzhimpact.fr\/wp-content\/uploads\/2025\/12\/PHOTO-2025-11-18-07-56-28-768x432.jpg 768w, https:\/\/bzhimpact.fr\/wp-content\/uploads\/2025\/12\/PHOTO-2025-11-18-07-56-28-1536x864.jpg 1536w, https:\/\/bzhimpact.fr\/wp-content\/uploads\/2025\/12\/PHOTO-2025-11-18-07-56-28-1200x675.jpg 1200w, https:\/\/bzhimpact.fr\/wp-content\/uploads\/2025\/12\/PHOTO-2025-11-18-07-56-28.jpg 1600w\" sizes=\"auto, (max-width: 1024px) 100vw, 1024px\" \/><\/figure>\n<\/figure>\n\n\n\n<p><strong>Camp d&rsquo;\u00e9t\u00e9 ADOS | 8 au 15 AOUT 2026<\/strong><br>Une semaine pour vivre des moments magnifiques dans la pr\u00e9sence de Dieu et te connecter avec d\u2019autres ados de la r\u00e9gion!<br>\ud83d\udc49\u00a0<strong>Inscris-toi ici :<\/strong><a href=\"https:\/\/www.helloasso.com\/associations\/bzh-impact\/evenements\/camp\" data-type=\"link\" data-id=\"https:\/\/www.helloasso.com\/associations\/bzh-impact\/evenements\/camp\"><strong>clique sur le lien !<\/strong><\/a><\/p>\n<\/div>\n<\/div>\n\n\n\n<p><\/p>\n","protected":false},"excerpt":{"rendered":"<p>Mini Camp Enfants | 24\u201325\u201326 Mai 2026Deux jours pour s\u2019amuser, grandir dans la foi et vivre des moments inoubliables ! \ud83d\udc49\u00a0Inscris-toi ici : clique sur le lien ! Camp d&rsquo;\u00e9t\u00e9 ADOS | 8 au 15 AOUT 2026Une semaine pour vivre des moments magnifiques dans la pr\u00e9sence de Dieu et te connecter avec d\u2019autres ados de [&hellip;]<\/p>\n","protected":false},"author":1,"featured_media":0,"parent":0,"menu_order":0,"comment_status":"closed","ping_status":"closed","template":"","meta":{"footnotes":""},"class_list":["post-13","page","type-page","status-publish","hentry"],"_links":{"self":[{"href":"https:\/\/bzhimpact.fr\/index.php\/wp-json\/wp\/v2\/pages\/13","targetHints":{"allow":["GET"]}}],"collection":[{"href":"https:\/\/bzhimpact.fr\/index.php\/wp-json\/wp\/v2\/pages"}],"about":[{"href":"https:\/\/bzhimpact.fr\/index.php\/wp-json\/wp\/v2\/types\/page"}],"author":[{"embeddable":true,"href":"https:\/\/bzhimpact.fr\/index.php\/wp-json\/wp\/v2\/users\/1"}],"replies":[{"embeddable":true,"href":"https:\/\/bzhimpact.fr\/index.php\/wp-json\/wp\/v2\/comments?post=13"}],"version-history":[{"count":77,"href":"https:\/\/bzhimpact.fr\/index.php\/wp-json\/wp\/v2\/pages\/13\/revisions"}],"predecessor-version":[{"id":216,"href":"https:\/\/bzhimpact.fr\/index.php\/wp-json\/wp\/v2\/pages\/13\/revisions\/216"}],"wp:attachment":[{"href":"https:\/\/bzhimpact.fr\/index.php\/wp-json\/wp\/v2\/media?parent=13"}],"curies":[{"name":"wp","href":"https:\/\/api.w.org\/{rel}","templated":true}]}}